{"id":100,"date":"2020-11-10T12:46:25","date_gmt":"2020-11-10T12:46:25","guid":{"rendered":"https:\/\/qi60.qodeinteractive.com\/?page_id=100"},"modified":"2024-05-30T12:16:54","modified_gmt":"2024-05-30T10:16:54","slug":"about-us","status":"publish","type":"page","link":"http:\/\/chayart.com\/?page_id=100","title":{"rendered":"About us"},"content":{"rendered":"\t\t<div data-elementor-type=\"wp-page\" data-elementor-id=\"100\" class=\"elementor elementor-100\">\n\t\t\t\t\t\t<section class=\"elementor-section elementor-top-section elementor-element elementor-element-8ec641d elementor-section-full_width elementor-section-height-default elementor-section-height-default qodef-elementor-content-no\" data-id=\"8ec641d\" data-element_type=\"section\" data-settings=\"{&quot;background_background&quot;:&quot;classic&quot;}\">\n\t\t\t\t\t\t<div class=\"elementor-container elementor-column-gap-default\">\n\t\t\t\t\t<div class=\"elementor-column elementor-col-100 elementor-top-column elementor-element elementor-element-3f6ce16\" data-id=\"3f6ce16\" data-element_type=\"column\">\n\t\t\t<div class=\"elementor-widget-wrap elementor-element-populated\">\n\t\t\t\t\t\t<div class=\"elementor-element elementor-element-4d297d7 elementor-widget elementor-widget-spacer\" data-id=\"4d297d7\" data-element_type=\"widget\" data-widget_type=\"spacer.default\">\n\t\t\t\t<div class=\"elementor-widget-container\">\n\t\t\t<style>\/*! elementor - v3.21.0 - 26-05-2024 *\/\n.elementor-column .elementor-spacer-inner{height:var(--spacer-size)}.e-con{--container-widget-width:100%}.e-con-inner>.elementor-widget-spacer,.e-con>.elementor-widget-spacer{width:var(--container-widget-width,var(--spacer-size));--align-self:var(--container-widget-align-self,initial);--flex-shrink:0}.e-con-inner>.elementor-widget-spacer>.elementor-widget-container,.e-con>.elementor-widget-spacer>.elementor-widget-container{height:100%;width:100%}.e-con-inner>.elementor-widget-spacer>.elementor-widget-container>.elementor-spacer,.e-con>.elementor-widget-spacer>.elementor-widget-container>.elementor-spacer{height:100%}.e-con-inner>.elementor-widget-spacer>.elementor-widget-container>.elementor-spacer>.elementor-spacer-inner,.e-con>.elementor-widget-spacer>.elementor-widget-container>.elementor-spacer>.elementor-spacer-inner{height:var(--container-widget-height,var(--spacer-size))}.e-con-inner>.elementor-widget-spacer.elementor-widget-empty,.e-con>.elementor-widget-spacer.elementor-widget-empty{position:relative;min-height:22px;min-width:22px}.e-con-inner>.elementor-widget-spacer.elementor-widget-empty .elementor-widget-empty-icon,.e-con>.elementor-widget-spacer.elementor-widget-empty .elementor-widget-empty-icon{position:absolute;top:0;bottom:0;left:0;right:0;margin:auto;padding:0;width:22px;height:22px}<\/style>\t\t<div class=\"elementor-spacer\">\n\t\t\t<div class=\"elementor-spacer-inner\"><\/div>\n\t\t<\/div>\n\t\t\t\t<\/div>\n\t\t\t\t<\/div>\n\t\t\t\t\t<\/div>\n\t\t<\/div>\n\t\t\t\t\t<\/div>\n\t\t<\/section>\n\t\t\t\t<section class=\"elementor-section elementor-top-section elementor-element elementor-element-31e29a5 qodef-elementor-content-grid elementor-section-boxed elementor-section-height-default elementor-section-height-default\" data-id=\"31e29a5\" data-element_type=\"section\">\n\t\t\t\t\t\t<div class=\"elementor-container elementor-column-gap-default\">\n\t\t\t\t\t<div class=\"elementor-column elementor-col-50 elementor-top-column elementor-element elementor-element-74af485\" data-id=\"74af485\" data-element_type=\"column\">\n\t\t\t<div class=\"elementor-widget-wrap elementor-element-populated\">\n\t\t\t\t\t\t<div class=\"elementor-element elementor-element-5e93c69 elementor-widget elementor-widget-qi_addons_for_elementor_section_title\" data-id=\"5e93c69\" data-element_type=\"widget\" data-widget_type=\"qi_addons_for_elementor_section_title.default\">\n\t\t\t\t<div class=\"elementor-widget-container\">\n\t\t\t<div class=\"qodef-shortcode qodef-m  qodef-qi-section-title  qodef-decoration--italic  qodef-link--underline-draw qodef-subtitle-icon--left\">\n\t\t\t\t<h5 class=\"qodef-m-subtitle\">\n\t\tChayArt Zehlendorf\t\t\t<\/h5>\n\t\t\t<h1 class=\"qodef-m-title\">\n\t\tImpressum\t<\/h1>\n\t\t\t<div class=\"qodef-m-text\"><p>Impressum f\u00fcr ChayArt Zehlendorf<\/p><p>Verantwortlich f\u00fcr den Inhalt:<br \/>Potsdamer Str. 6, 14163 Berlin<\/p><p>Kontakt:<br \/>\u2013 Telefon: +49 30 39716916<br \/>\u2013 E-Mail: chayart.zehlendorf@gmail.com<\/p><p>Gesch\u00e4ftsf\u00fchrer \/ Inhaber: Van Khoa Nguyen (Einzelunternehmen)<\/p><\/div>\n\t<\/div>\n\t\t<\/div>\n\t\t\t\t<\/div>\n\t\t\t\t\t<\/div>\n\t\t<\/div>\n\t\t\t\t<div class=\"elementor-column elementor-col-50 elementor-top-column elementor-element elementor-element-7702f46\" data-id=\"7702f46\" data-element_type=\"column\">\n\t\t\t<div class=\"elementor-widget-wrap\">\n\t\t\t\t\t\t\t<\/div>\n\t\t<\/div>\n\t\t\t\t\t<\/div>\n\t\t<\/section>\n\t\t\t\t<section class=\"elementor-section elementor-top-section elementor-element elementor-element-beeb501 qodef-elementor-content-grid elementor-section-boxed elementor-section-height-default elementor-section-height-default\" data-id=\"beeb501\" data-element_type=\"section\">\n\t\t\t\t\t\t<div class=\"elementor-container elementor-column-gap-default\">\n\t\t\t\t\t<div class=\"elementor-column elementor-col-50 elementor-top-column elementor-element elementor-element-cb4e94e\" data-id=\"cb4e94e\" data-element_type=\"column\">\n\t\t\t<div class=\"elementor-widget-wrap elementor-element-populated\">\n\t\t\t\t\t\t<div class=\"elementor-element elementor-element-481cfa7 elementor-widget elementor-widget-qi_addons_for_elementor_section_title\" data-id=\"481cfa7\" data-element_type=\"widget\" data-widget_type=\"qi_addons_for_elementor_section_title.default\">\n\t\t\t\t<div class=\"elementor-widget-container\">\n\t\t\t<div class=\"qodef-shortcode qodef-m  qodef-qi-section-title  qodef-decoration--italic  qodef-link--underline-draw qodef-subtitle-icon--left\">\n\t\t\t\t<h5 class=\"qodef-m-subtitle\">\n\t\tChayArt Zehlendorf\t\t\t<\/h5>\n\t\t\t<h1 class=\"qodef-m-title\">\n\t\tDatenschutz\t<\/h1>\n\t\t\t<div class=\"qodef-m-text\"><p>1. Verantwortliche Stelle<\/p><p>Verantwortlich f\u00fcr die Verarbeitung von personenbezogenen Daten im Rahmen dieser Website ist Gesch\u00e4ftsf\u00fchrer \/ Inhaber: Van Khoa Nguyen (Einzelunternehmen) Potsdamer Str. 6, D-14163 Berlin<\/p><p>2. Erhebung und Verarbeitung von personenbezogenen Daten<\/p><p>a. Server-Log-Files<br \/>Bei jedem Zugriff auf unsere Website werden automatisch Informationen durch den Webhosting-Provider erfasst und in Server-Log-Files gespeichert. Diese Daten beinhalten:<br \/>\u2013 Browsertyp und Browserversion<br \/>\u2013 Verwendetes Betriebssystem<br \/>\u2013 Referrer URL<br \/>\u2013 Hostname des zugreifenden Rechners<br \/>\u2013 Uhrzeit der Serveranfrage<br \/>\u2013 IP-Adresse<\/p><p>Diese Daten dienen ausschlie\u00dflich statistischen Zwecken und der Verbesserung der Website. Sie werden nicht mit anderen Datenquellen zusammengef\u00fchrt. Eine personenbezogene Auswertung findet nicht statt.<\/p><p>b. Kontaktformular<br \/>Wenn Sie \u00fcber das Kontaktformular mit uns in Verbindung treten, werden die von Ihnen eingegebenen Daten zur Bearbeitung der Anfrage und f\u00fcr den Fall von Anschlussfragen gespeichert. Diese Daten geben wir nicht ohne Ihre Einwilligung weiter.<\/p><p>3. Cookies<\/p><p>Unsere Website verwendet Cookies. Diese dienen dazu, unsere Website nutzerfreundlicher, effektiver und sicherer zu machen. Cookies sind kleine Textdateien, die auf Ihrem Rechner abgelegt werden und die Ihr Browser speichert. Sie richten keinen Schaden an und enthalten keine Viren. Sie k\u00f6nnen die Speicherung von Cookies in den Einstellungen Ihres Browsers deaktivieren.<\/p><p>4. Rechte der betroffenen Person<\/p><p>Sie haben das Recht auf Auskunft, Berichtigung, L\u00f6schung, Einschr\u00e4nkung der Verarbeitung, Daten\u00fcbertragbarkeit und Widerspruch. Wenn Sie der Meinung sind, dass die Verarbeitung Ihrer Daten gegen das Datenschutzrecht verst\u00f6\u00dft oder Ihre datenschutzrechtlichen Anspr\u00fcche sonst in einer Weise verletzt worden sind, k\u00f6nnen Sie sich bei der Aufsichtsbeh\u00f6rde beschweren.<\/p><p>5. \u00c4nderungen dieser Datenschutzerkl\u00e4rung<\/p><p>Wir behalten uns vor, diese Datenschutzerkl\u00e4rung bei Bedarf anzupassen, um sie stets den aktuellen rechtlichen Anforderungen anzupassen oder um \u00c4nderungen unserer Leistungen in der Datenschutzerkl\u00e4rung umzusetzen, z. B. bei der Einf\u00fchrung neuer Services. Es empfiehlt sich daher, diese Datenschutzerkl\u00e4rung regelm\u00e4\u00dfig zu lesen.<\/p><p>Stand 01.12.2023<\/p><\/div>\n\t<\/div>\n\t\t<\/div>\n\t\t\t\t<\/div>\n\t\t\t\t\t<\/div>\n\t\t<\/div>\n\t\t\t\t<div class=\"elementor-column elementor-col-50 elementor-top-column elementor-element elementor-element-bd62707\" data-id=\"bd62707\" data-element_type=\"column\">\n\t\t\t<div class=\"elementor-widget-wrap\">\n\t\t\t\t\t\t\t<\/div>\n\t\t<\/div>\n\t\t\t\t\t<\/div>\n\t\t<\/section>\n\t\t\t\t<section class=\"elementor-section elementor-top-section elementor-element elementor-element-aacb019 elementor-section-full_width elementor-section-height-default elementor-section-height-default qodef-elementor-content-no\" data-id=\"aacb019\" data-element_type=\"section\" data-settings=\"{&quot;background_background&quot;:&quot;classic&quot;}\">\n\t\t\t\t\t\t<div class=\"elementor-container elementor-column-gap-default\">\n\t\t\t\t\t<div class=\"elementor-column elementor-col-100 elementor-top-column elementor-element elementor-element-e768b6f\" data-id=\"e768b6f\" data-element_type=\"column\">\n\t\t\t<div class=\"elementor-widget-wrap elementor-element-populated\">\n\t\t\t\t\t\t<div class=\"elementor-element elementor-element-b75435f elementor-widget elementor-widget-spacer\" data-id=\"b75435f\" data-element_type=\"widget\" data-widget_type=\"spacer.default\">\n\t\t\t\t<div class=\"elementor-widget-container\">\n\t\t\t\t\t<div class=\"elementor-spacer\">\n\t\t\t<div class=\"elementor-spacer-inner\"><\/div>\n\t\t<\/div>\n\t\t\t\t<\/div>\n\t\t\t\t<\/div>\n\t\t\t\t\t<\/div>\n\t\t<\/div>\n\t\t\t\t\t<\/div>\n\t\t<\/section>\n\t\t\t\t<\/div>\n\t\t","protected":false},"excerpt":{"rendered":"<p>ChayArt Zehlendorf Impressum Impressum f\u00fcr ChayArt Zehlendorf Verantwortlich f\u00fcr den Inhalt:Potsdamer Str. 6, 14163 Berlin Kontakt:\u2013 Telefon: +49 30 39716916\u2013 E-Mail: chayart.zehlendorf@gmail.com Gesch\u00e4ftsf\u00fchrer \/ Inhaber: Van Khoa Nguyen (Einzelunternehmen) ChayArt Zehlendorf Datenschutz 1. Verantwortliche Stelle Verantwortlich f\u00fcr die Verarbeitung von personenbezogenen Daten im Rahmen dieser Website ist Gesch\u00e4ftsf\u00fchrer \/ Inhaber: Van Khoa Nguyen (Einzelunternehmen) Potsdamer [&hellip;]<\/p>\n","protected":false},"author":1,"featured_media":0,"parent":0,"menu_order":0,"comment_status":"closed","ping_status":"closed","template":"qi-full-width.php","meta":{"content-type":"","footnotes":""},"class_list":["post-100","page","type-page","status-publish","hentry"],"_links":{"self":[{"href":"http:\/\/chayart.com\/index.php?rest_route=\/wp\/v2\/pages\/100","targetHints":{"allow":["GET"]}}],"collection":[{"href":"http:\/\/chayart.com\/index.php?rest_route=\/wp\/v2\/pages"}],"about":[{"href":"http:\/\/chayart.com\/index.php?rest_route=\/wp\/v2\/types\/page"}],"author":[{"embeddable":true,"href":"http:\/\/chayart.com\/index.php?rest_route=\/wp\/v2\/users\/1"}],"replies":[{"embeddable":true,"href":"http:\/\/chayart.com\/index.php?rest_route=%2Fwp%2Fv2%2Fcomments&post=100"}],"version-history":[{"count":6,"href":"http:\/\/chayart.com\/index.php?rest_route=\/wp\/v2\/pages\/100\/revisions"}],"predecessor-version":[{"id":1262,"href":"http:\/\/chayart.com\/index.php?rest_route=\/wp\/v2\/pages\/100\/revisions\/1262"}],"wp:attachment":[{"href":"http:\/\/chayart.com\/index.php?rest_route=%2Fwp%2Fv2%2Fmedia&parent=100"}],"curies":[{"name":"wp","href":"https:\/\/api.w.org\/{rel}","templated":true}]}}